{"id":465,"date":"2022-11-09T21:02:45","date_gmt":"2022-11-09T21:02:45","guid":{"rendered":"https:\/\/kadence.pixel-show.com\/influencer\/?page_id=465"},"modified":"2023-09-19T15:03:45","modified_gmt":"2023-09-19T15:03:45","slug":"preguntas-frecuentes","status":"publish","type":"page","link":"https:\/\/dakithistudio.com\/index.php\/preguntas-frecuentes\/","title":{"rendered":"Preguntas Frecuentes"},"content":{"rendered":"<style>.kb-row-layout-id465_b77bea-71 > .kt-row-column-wrap{align-content:start;}:where(.kb-row-layout-id465_b77bea-71 > .kt-row-column-wrap) > .wp-block-kadence-column{justify-content:start;}.kb-row-layout-id465_b77bea-71 > .kt-row-column-wrap{column-gap:var(--global-kb-gap-md, 2rem);row-gap:var(--global-kb-gap-md, 2rem);max-width:var( --global-content-width, 1290px );padding-left:var(--global-content-edge-padding);padding-right:var(--global-content-edge-padding);padding-top:60px;padding-bottom:60px;grid-template-columns:minmax(0, 1fr);}.kb-row-layout-id465_b77bea-71 > .kt-row-layout-overlay{opacity:0.30;}@media all and (max-width: 1024px){.kb-row-layout-id465_b77bea-71 > .kt-row-column-wrap{padding-top:60px;grid-template-columns:minmax(0, 1fr);}}@media all and (max-width: 767px){.kb-row-layout-id465_b77bea-71 > .kt-row-column-wrap{grid-template-columns:minmax(0, 1fr);}}<\/style><div class=\"kb-row-layout-wrap kb-row-layout-id465_b77bea-71 alignnone has-theme-palette8-background-color kt-row-has-bg wp-block-kadence-rowlayout\"><div class=\"kt-row-column-wrap kt-has-1-columns kt-row-layout-equal kt-tab-layout-inherit kt-mobile-layout-row kt-row-valign-top kb-theme-content-width\">\n<style>.kadence-column465_e0851e-1a > .kt-inside-inner-col,.kadence-column465_e0851e-1a > .kt-inside-inner-col:before{border-top-left-radius:0px;border-top-right-radius:0px;border-bottom-right-radius:0px;border-bottom-left-radius:0px;}.kadence-column465_e0851e-1a > .kt-inside-inner-col:before{opacity:0.3;}.kadence-column465_e0851e-1a{position:relative;}<\/style>\n<div class=\"wp-block-kadence-column kadence-column465_e0851e-1a inner-column-1\"><div class=\"kt-inside-inner-col\"><style>.kb-row-layout-id465_6e127d-05 > .kt-row-column-wrap{align-content:start;}:where(.kb-row-layout-id465_6e127d-05 > .kt-row-column-wrap) > .wp-block-kadence-column{justify-content:start;}.kb-row-layout-id465_6e127d-05 > .kt-row-column-wrap{column-gap:var(--global-kb-gap-md, 2rem);row-gap:var(--global-kb-gap-md, 2rem);max-width:600px;margin-left:auto;margin-right:auto;padding-top:0px;padding-bottom:0px;grid-template-columns:minmax(0, 1fr);}.kb-row-layout-id465_6e127d-05 > .kt-row-layout-overlay{opacity:0.30;}@media all and (max-width: 1024px){.kb-row-layout-id465_6e127d-05 > .kt-row-column-wrap{max-width:600px;margin-left:auto;margin-right:auto;grid-template-columns:minmax(0, 1fr);}}@media all and (max-width: 767px){.kb-row-layout-id465_6e127d-05 > .kt-row-column-wrap{grid-template-columns:minmax(0, 1fr);}}<\/style><div class=\"kb-row-layout-wrap kb-row-layout-id465_6e127d-05 alignnone wp-block-kadence-rowlayout\"><div class=\"kt-row-column-wrap kt-has-1-columns kt-row-layout-equal kt-tab-layout-inherit kt-mobile-layout-row kt-row-valign-top\">\n<style>.kadence-column465_f2c03c-8d > .kt-inside-inner-col,.kadence-column465_f2c03c-8d > .kt-inside-inner-col:before{border-top-left-radius:0px;border-top-right-radius:0px;border-bottom-right-radius:0px;border-bottom-left-radius:0px;}.kadence-column465_f2c03c-8d > .kt-inside-inner-col:before{opacity:0.3;}.kadence-column465_f2c03c-8d{position:relative;}<\/style>\n<div class=\"wp-block-kadence-column kadence-column465_f2c03c-8d inner-column-1\"><div class=\"kt-inside-inner-col\"><style>.wp-block-kadence-advancedheading.kt-adv-heading465_92c8a1-36, .wp-block-kadence-advancedheading.kt-adv-heading465_92c8a1-36[data-kb-block=\"kb-adv-heading465_92c8a1-36\"]{margin-bottom:20px;text-align:center;font-size:70px;line-height:70px;font-style:normal;}.wp-block-kadence-advancedheading.kt-adv-heading465_92c8a1-36 mark, .wp-block-kadence-advancedheading.kt-adv-heading465_92c8a1-36[data-kb-block=\"kb-adv-heading465_92c8a1-36\"] mark{font-style:normal;color:#f76a0c;padding-top:0px;padding-right:0px;padding-bottom:0px;padding-left:0px;}@media all and (max-width: 1024px){.wp-block-kadence-advancedheading.kt-adv-heading465_92c8a1-36, .wp-block-kadence-advancedheading.kt-adv-heading465_92c8a1-36[data-kb-block=\"kb-adv-heading465_92c8a1-36\"]{font-size:55px;}}@media all and (max-width: 767px){.wp-block-kadence-advancedheading.kt-adv-heading465_92c8a1-36, .wp-block-kadence-advancedheading.kt-adv-heading465_92c8a1-36[data-kb-block=\"kb-adv-heading465_92c8a1-36\"]{font-size:45px;}}<\/style>\n<h1 class=\"kt-adv-heading465_92c8a1-36 wp-block-kadence-advancedheading has-theme-palette-1-color has-text-color\" data-kb-block=\"kb-adv-heading465_92c8a1-36\">Preguntas Frecuentes<\/h1>\n<\/div><\/div>\n\n<\/div><\/div><\/div><\/div>\n\n<\/div><\/div>\n\n<style>.kb-row-layout-id465_77b2a9-59 > .kt-row-column-wrap{align-content:start;}:where(.kb-row-layout-id465_77b2a9-59 > .kt-row-column-wrap) > .wp-block-kadence-column{justify-content:start;}.kb-row-layout-id465_77b2a9-59 > .kt-row-column-wrap{column-gap:var(--global-kb-gap-md, 2rem);row-gap:var(--global-kb-gap-md, 2rem);max-width:1080px;margin-left:auto;margin-right:auto;padding-top:50px;padding-right:20px;padding-bottom:50px;padding-left:20px;grid-template-columns:minmax(0, 1fr);}.kb-row-layout-id465_77b2a9-59{background-image:url('https:\/\/startertemplatecloud.com\/g77\/wp-content\/uploads\/sites\/109\/2022\/11\/eugenivy_now-9OS708I5Rmc-unsplash.jpg');background-size:cover;background-position:center center;background-attachment:fixed;background-repeat:no-repeat;}.kb-row-layout-id465_77b2a9-59 > .kt-row-layout-overlay{opacity:0.85;background:linear-gradient(80deg, #ff057c 0%, var(--global-palette2) 100%);}@media all and (max-width: 1024px){.kb-row-layout-id465_77b2a9-59 > .kt-row-column-wrap{padding-top:60px;padding-right:0px;padding-bottom:60px;padding-left:0px;grid-template-columns:minmax(0, 1fr);}}@media all and (max-width: 767px){.kb-row-layout-id465_77b2a9-59 > .kt-row-column-wrap{padding-top:60px;padding-right:30px;padding-bottom:60px;padding-left:30px;grid-template-columns:minmax(0, 1fr);}}<\/style><div class=\"kb-row-layout-wrap kb-row-layout-id465_77b2a9-59 alignnone kt-row-has-bg wp-block-kadence-rowlayout\"><div class=\"kt-row-layout-overlay kt-row-overlay-gradient\"><\/div><div class=\"kt-row-column-wrap kt-has-1-columns kt-row-layout-equal kt-tab-layout-inherit kt-mobile-layout-row kt-row-valign-top\">\n<style>.kadence-column465_b1f980-34 > .kt-inside-inner-col,.kadence-column465_b1f980-34 > .kt-inside-inner-col:before{border-top-left-radius:0px;border-top-right-radius:0px;border-bottom-right-radius:0px;border-bottom-left-radius:0px;}.kadence-column465_b1f980-34 > .kt-inside-inner-col:before{opacity:0.3;}.kadence-column465_b1f980-34{position:relative;}<\/style>\n<div class=\"wp-block-kadence-column kadence-column465_b1f980-34\"><div class=\"kt-inside-inner-col\"><style>.kt-accordion-id465_c42fea-2a .kt-accordion-panel-inner{border-top:0px solid transparent;border-right:0px solid transparent;border-bottom:0px solid transparent;border-left:0px solid transparent;background:#ffffff;padding-top:var(--global-kb-spacing-sm, 1.5rem);padding-right:var(--global-kb-spacing-sm, 1.5rem);padding-bottom:var(--global-kb-spacing-sm, 1.5rem);padding-left:var(--global-kb-spacing-sm, 1.5rem);}.kt-accordion-id465_c42fea-2a .wp-block-kadence-pane .kt-accordion-header-wrap .kt-blocks-accordion-header{border-top:0px solid #f2f2f2;border-right:0px solid #f2f2f2;border-bottom:0px solid #f2f2f2;border-left:0px solid #f2f2f2;border-top-left-radius:6px;border-top-right-radius:6px;border-bottom-right-radius:6px;border-bottom-left-radius:6px;background:#f2f2f2;color:#555555;padding-top:14px;padding-right:16px;padding-bottom:14px;padding-left:16px;}.kt-accordion-wrap.kt-accordion-id465_c42fea-2a > .kt-accordion-inner-wrap > .kt-accordion-pane > .kt-accordion-header-wrap{margin-top:10px;}.single-content .wp-block-kadence-pane>h2:first-child,\n\t\t\t.single-content .wp-block-kadence-pane>h3:first-child,\n\t\t\t.single-content .wp-block-kadence-pane>h4:first-child,\n\t\t\t.single-content .wp-block-kadence-pane>h5:first-child,\n\t\t\t.single-content .wp-block-kadence-pane>h6:first-child{margin-top:10px;}.kt-accordion-id465_c42fea-2a:not( .kt-accodion-icon-style-basiccircle ):not( .kt-accodion-icon-style-xclosecircle ):not( .kt-accodion-icon-style-arrowcircle ) .kt-blocks-accordion-icon-trigger:after, .kt-accordion-id465_c42fea-2a:not( .kt-accodion-icon-style-basiccircle ):not( .kt-accodion-icon-style-xclosecircle ):not( .kt-accodion-icon-style-arrowcircle ) .kt-blocks-accordion-icon-trigger:before{background:#555555;}.kt-accordion-id465_c42fea-2a:not( .kt-accodion-icon-style-basic ):not( .kt-accodion-icon-style-xclose ):not( .kt-accodion-icon-style-arrow ) .kt-blocks-accordion-icon-trigger{background:#555555;}.kt-accordion-id465_c42fea-2a:not( .kt-accodion-icon-style-basic ):not( .kt-accodion-icon-style-xclose ):not( .kt-accodion-icon-style-arrow ) .kt-blocks-accordion-icon-trigger:after, .kt-accordion-id465_c42fea-2a:not( .kt-accodion-icon-style-basic ):not( .kt-accodion-icon-style-xclose ):not( .kt-accodion-icon-style-arrow ) .kt-blocks-accordion-icon-trigger:before{background:#f2f2f2;}.kt-accordion-id465_c42fea-2a .kt-accordion-header-wrap .kt-blocks-accordion-header:hover, body:not(.hide-focus-outline) .kt-accordion-id465_c42fea-2a .kt-accordion-header-wrap .kt-blocks-accordion-header:focus{color:#444444;background:#eeeeee;border-top-color:#eeeeee;border-top-style:solid;border-right-color:#eeeeee;border-right-style:solid;border-bottom-color:#eeeeee;border-bottom-style:solid;border-left-color:#eeeeee;border-left-style:solid;}.kt-accordion-id465_c42fea-2a:not( .kt-accodion-icon-style-basiccircle ):not( .kt-accodion-icon-style-xclosecircle ):not( .kt-accodion-icon-style-arrowcircle ) .kt-blocks-accordion-header:hover .kt-blocks-accordion-icon-trigger:after, .kt-accordion-id465_c42fea-2a:not( .kt-accodion-icon-style-basiccircle ):not( .kt-accodion-icon-style-xclosecircle ):not( .kt-accodion-icon-style-arrowcircle ) .kt-blocks-accordion-header:hover .kt-blocks-accordion-icon-trigger:before, body:not(.hide-focus-outline) .kt-accordion-id465_c42fea-2a:not( .kt-accodion-icon-style-basiccircle ):not( .kt-accodion-icon-style-xclosecircle ):not( .kt-accodion-icon-style-arrowcircle ) .kt-blocks-accordion-header:focus .kt-blocks-accordion-icon-trigger:after, body:not(.hide-focus-outline) .kt-accordion-id465_c42fea-2a:not( .kt-accodion-icon-style-basiccircle ):not( .kt-accodion-icon-style-xclosecircle ):not( .kt-accodion-icon-style-arrowcircle ) .kt-blocks-accordion-header:focus .kt-blocks-accordion-icon-trigger:before{background:#444444;}.kt-accordion-id465_c42fea-2a:not( .kt-accodion-icon-style-basic ):not( .kt-accodion-icon-style-xclose ):not( .kt-accodion-icon-style-arrow ) .kt-blocks-accordion-header:hover .kt-blocks-accordion-icon-trigger, body:not(.hide-focus-outline) .kt-accordion-id465_c42fea-2a:not( .kt-accodion-icon-style-basic ):not( .kt-accodion-icon-style-xclose ):not( .kt-accodion-icon-style-arrow ) .kt-blocks-accordion-header:focus .kt-blocks-accordion-icon-trigger{background:#444444;}.kt-accordion-id465_c42fea-2a:not( .kt-accodion-icon-style-basic ):not( .kt-accodion-icon-style-xclose ):not( .kt-accodion-icon-style-arrow ) .kt-blocks-accordion-header:hover .kt-blocks-accordion-icon-trigger:after, .kt-accordion-id465_c42fea-2a:not( .kt-accodion-icon-style-basic ):not( .kt-accodion-icon-style-xclose ):not( .kt-accodion-icon-style-arrow ) .kt-blocks-accordion-header:hover .kt-blocks-accordion-icon-trigger:before, body:not(.hide-focus-outline) .kt-accordion-id465_c42fea-2a:not( .kt-accodion-icon-style-basic ):not( .kt-accodion-icon-style-xclose ):not( .kt-accodion-icon-style-arrow ) .kt-blocks-accordion-header:focus .kt-blocks-accordion-icon-trigger:after, body:not(.hide-focus-outline) .kt-accordion-id465_c42fea-2a:not( .kt-accodion-icon-style-basic ):not( .kt-accodion-icon-style-xclose ):not( .kt-accodion-icon-style-arrow ) .kt-blocks-accordion-header:focus .kt-blocks-accordion-icon-trigger:before{background:#eeeeee;}.kt-accordion-id465_c42fea-2a .kt-accordion-header-wrap .kt-blocks-accordion-header.kt-accordion-panel-active{color:var(--global-palette1, #3182CE);background:var(--global-palette9, #ffffff);border-top-color:#f3690e;border-top-style:solid;border-right-color:#f3690e;border-right-style:solid;border-bottom-color:#f3690e;border-bottom-style:solid;border-left-color:#f3690e;border-left-style:solid;}.kt-accordion-id465_c42fea-2a:not( .kt-accodion-icon-style-basiccircle ):not( .kt-accodion-icon-style-xclosecircle ):not( .kt-accodion-icon-style-arrowcircle ) .kt-blocks-accordion-header.kt-accordion-panel-active .kt-blocks-accordion-icon-trigger:after, .kt-accordion-id465_c42fea-2a:not( .kt-accodion-icon-style-basiccircle ):not( .kt-accodion-icon-style-xclosecircle ):not( .kt-accodion-icon-style-arrowcircle ) .kt-blocks-accordion-header.kt-accordion-panel-active .kt-blocks-accordion-icon-trigger:before{background:var(--global-palette1, #3182CE);}.kt-accordion-id465_c42fea-2a:not( .kt-accodion-icon-style-basic ):not( .kt-accodion-icon-style-xclose ):not( .kt-accodion-icon-style-arrow ) .kt-blocks-accordion-header.kt-accordion-panel-active .kt-blocks-accordion-icon-trigger{background:var(--global-palette1, #3182CE);}.kt-accordion-id465_c42fea-2a:not( .kt-accodion-icon-style-basic ):not( .kt-accodion-icon-style-xclose ):not( .kt-accodion-icon-style-arrow ) .kt-blocks-accordion-header.kt-accordion-panel-active .kt-blocks-accordion-icon-trigger:after, .kt-accordion-id465_c42fea-2a:not( .kt-accodion-icon-style-basic ):not( .kt-accodion-icon-style-xclose ):not( .kt-accodion-icon-style-arrow ) .kt-blocks-accordion-header.kt-accordion-panel-active .kt-blocks-accordion-icon-trigger:before{background:var(--global-palette9, #ffffff);}@media all and (max-width: 1024px){.kt-accordion-id465_c42fea-2a .kt-accordion-panel-inner{border-top:0px solid transparent;border-right:0px solid transparent;border-bottom:0px solid transparent;border-left:0px solid transparent;}}@media all and (max-width: 1024px){.kt-accordion-id465_c42fea-2a .wp-block-kadence-pane .kt-accordion-header-wrap .kt-blocks-accordion-header{border-top:0px solid #f2f2f2;border-right:0px solid #f2f2f2;border-bottom:0px solid #f2f2f2;border-left:0px solid #f2f2f2;}}@media all and (max-width: 1024px){.kt-accordion-id465_c42fea-2a .kt-accordion-header-wrap .kt-blocks-accordion-header:hover, body:not(.hide-focus-outline) .kt-accordion-id465_c42fea-2a .kt-accordion-header-wrap .kt-blocks-accordion-header:focus{border-top-color:#eeeeee;border-top-style:solid;border-right-color:#eeeeee;border-right-style:solid;border-bottom-color:#eeeeee;border-bottom-style:solid;border-left-color:#eeeeee;border-left-style:solid;}}@media all and (max-width: 1024px){.kt-accordion-id465_c42fea-2a .kt-accordion-header-wrap .kt-blocks-accordion-header.kt-accordion-panel-active{border-top-color:#f3690e;border-top-style:solid;border-right-color:#f3690e;border-right-style:solid;border-bottom-color:#f3690e;border-bottom-style:solid;border-left-color:#f3690e;border-left-style:solid;}}@media all and (max-width: 767px){.kt-accordion-id465_c42fea-2a .kt-accordion-panel-inner{border-top:0px solid transparent;border-right:0px solid transparent;border-bottom:0px solid transparent;border-left:0px solid transparent;}.kt-accordion-id465_c42fea-2a .wp-block-kadence-pane .kt-accordion-header-wrap .kt-blocks-accordion-header{border-top:0px solid #f2f2f2;border-right:0px solid #f2f2f2;border-bottom:0px solid #f2f2f2;border-left:0px solid #f2f2f2;}.kt-accordion-id465_c42fea-2a .kt-accordion-header-wrap .kt-blocks-accordion-header:hover, body:not(.hide-focus-outline) .kt-accordion-id465_c42fea-2a .kt-accordion-header-wrap .kt-blocks-accordion-header:focus{border-top-color:#eeeeee;border-top-style:solid;border-right-color:#eeeeee;border-right-style:solid;border-bottom-color:#eeeeee;border-bottom-style:solid;border-left-color:#eeeeee;border-left-style:solid;}.kt-accordion-id465_c42fea-2a .kt-accordion-header-wrap .kt-blocks-accordion-header.kt-accordion-panel-active{border-top-color:#f3690e;border-top-style:solid;border-right-color:#f3690e;border-right-style:solid;border-bottom-color:#f3690e;border-bottom-style:solid;border-left-color:#f3690e;border-left-style:solid;}}<\/style>\n<div class=\"wp-block-kadence-accordion alignnone\"><div class=\"kt-accordion-wrap kt-accordion-id465_c42fea-2a kt-accordion-has-4-panes kt-active-pane-0 kt-accordion-block kt-pane-header-alignment-left kt-accodion-icon-style-basic kt-accodion-icon-side-right\" style=\"max-width:none\"><div class=\"kt-accordion-inner-wrap\" data-allow-multiple-open=\"false\" data-start-open=\"0\">\n<div class=\"wp-block-kadence-pane kt-accordion-pane kt-accordion-pane-1 kt-pane465_945941-5f\"><div class=\"kt-accordion-header-wrap\"><button class=\"kt-blocks-accordion-header kt-acccordion-button-label-show\"><span class=\"kt-blocks-accordion-title-wrap\"><span class=\"kt-blocks-accordion-title\"><strong>\u00bfQu\u00e9 es el video chat er\u00f3tico?<\/strong><\/span><\/span><span class=\"kt-blocks-accordion-icon-trigger\"><\/span><\/button><\/div><div class=\"kt-accordion-panel kt-accordion-panel-hidden\"><div class=\"kt-accordion-panel-inner\"><style>.wp-block-kadence-advancedheading.kt-adv-heading465_94a685-27, .wp-block-kadence-advancedheading.kt-adv-heading465_94a685-27[data-kb-block=\"kb-adv-heading465_94a685-27\"]{display:block;font-style:normal;}.wp-block-kadence-advancedheading.kt-adv-heading465_94a685-27 mark, .wp-block-kadence-advancedheading.kt-adv-heading465_94a685-27[data-kb-block=\"kb-adv-heading465_94a685-27\"] mark{font-style:normal;color:#f76a0c;padding-top:0px;padding-right:0px;padding-bottom:0px;padding-left:0px;}<\/style>\n<span class=\"kt-adv-heading465_94a685-27 wp-block-kadence-advancedheading\" data-kb-block=\"kb-adv-heading465_94a685-27\">Son shows por webcam donde los usuarios, eligen la chica que quieren ver accediendo a su canal, y se establece una comunicaci\u00f3n visual entre la modelo y el cliente.<\/span>\n<\/div><\/div><\/div>\n\n\n\n<div class=\"wp-block-kadence-pane kt-accordion-pane kt-accordion-pane-3 kt-pane465_ab5575-b9\"><div class=\"kt-accordion-header-wrap\"><button class=\"kt-blocks-accordion-header kt-acccordion-button-label-show\"><span class=\"kt-blocks-accordion-title-wrap\"><span class=\"kt-blocks-accordion-title\"><strong><strong>\u00bfC\u00f3mo puedo ganar dinero siendo modelo web cam?<\/strong><\/strong><\/span><\/span><span class=\"kt-blocks-accordion-icon-trigger\"><\/span><\/button><\/div><div class=\"kt-accordion-panel kt-accordion-panel-hidden\"><div class=\"kt-accordion-panel-inner\"><style>.wp-block-kadence-advancedheading.kt-adv-heading465_0b249c-ba, .wp-block-kadence-advancedheading.kt-adv-heading465_0b249c-ba[data-kb-block=\"kb-adv-heading465_0b249c-ba\"]{display:block;font-style:normal;}.wp-block-kadence-advancedheading.kt-adv-heading465_0b249c-ba mark, .wp-block-kadence-advancedheading.kt-adv-heading465_0b249c-ba[data-kb-block=\"kb-adv-heading465_0b249c-ba\"] mark{font-style:normal;color:#f76a0c;padding-top:0px;padding-right:0px;padding-bottom:0px;padding-left:0px;}<\/style>\n<span class=\"kt-adv-heading465_0b249c-ba wp-block-kadence-advancedheading\" data-kb-block=\"kb-adv-heading465_0b249c-ba\">Si eres una aspirante a modelo webcam que no cuenta con experiencia, debes tener claro que el nivel de ingresos depende de ti, de tu constancia y dedicaci\u00f3n. Tambi\u00e9n influye cuantas horas a la semana trabajas, tu nivel de ingl\u00e9s o si sabes otros idiomas, como te desenvuelves en el chat, tu actitud, tu atractivo f\u00edsico, tu creatividad, entre muchas otras razones.<\/span>\n<\/div><\/div><\/div>\n\n\n\n<div class=\"wp-block-kadence-pane kt-accordion-pane kt-accordion-pane-2 kt-pane465_5af02a-0c\"><div class=\"kt-accordion-header-wrap\"><button class=\"kt-blocks-accordion-header kt-acccordion-button-label-show\"><span class=\"kt-blocks-accordion-title-wrap\"><span class=\"kt-blocks-accordion-title\"><strong>\u00bfMe pueden ver en mi pa\u00eds?<\/strong><\/span><\/span><span class=\"kt-blocks-accordion-icon-trigger\"><\/span><\/button><\/div><div class=\"kt-accordion-panel kt-accordion-panel-hidden\"><div class=\"kt-accordion-panel-inner\"><style>.wp-block-kadence-advancedheading.kt-adv-heading465_646115-9e, .wp-block-kadence-advancedheading.kt-adv-heading465_646115-9e[data-kb-block=\"kb-adv-heading465_646115-9e\"]{display:block;font-style:normal;}.wp-block-kadence-advancedheading.kt-adv-heading465_646115-9e mark, .wp-block-kadence-advancedheading.kt-adv-heading465_646115-9e[data-kb-block=\"kb-adv-heading465_646115-9e\"] mark{font-style:normal;color:#f76a0c;padding-top:0px;padding-right:0px;padding-bottom:0px;padding-left:0px;}<\/style>\n<span class=\"kt-adv-heading465_646115-9e wp-block-kadence-advancedheading\" data-kb-block=\"kb-adv-heading465_646115-9e\">Todas las plataformas que nuestro estudio maneja tienen un bloqueo de origen.<\/span>\n<\/div><\/div><\/div>\n\n\n\n<div class=\"wp-block-kadence-pane kt-accordion-pane kt-accordion-pane-4 kt-pane465_ff86d8-29\"><div class=\"kt-accordion-header-wrap\"><button class=\"kt-blocks-accordion-header kt-acccordion-button-label-show\"><span class=\"kt-blocks-accordion-title-wrap\"><span class=\"kt-blocks-accordion-title\"><a href=\"https:\/\/mysticstudiochat.com\/preguntas-frecuentes-mystic-studio\/\"><\/a><strong><strong>\u00bfPara ser modelo webcam debo tener medidas perfectas?<\/strong><\/strong><\/span><\/span><span class=\"kt-blocks-accordion-icon-trigger\"><\/span><\/button><\/div><div class=\"kt-accordion-panel kt-accordion-panel-hidden\"><div class=\"kt-accordion-panel-inner\"><style>.wp-block-kadence-advancedheading.kt-adv-heading465_b0c94c-d2, .wp-block-kadence-advancedheading.kt-adv-heading465_b0c94c-d2[data-kb-block=\"kb-adv-heading465_b0c94c-d2\"]{display:block;font-style:normal;}.wp-block-kadence-advancedheading.kt-adv-heading465_b0c94c-d2 mark, .wp-block-kadence-advancedheading.kt-adv-heading465_b0c94c-d2[data-kb-block=\"kb-adv-heading465_b0c94c-d2\"] mark{font-style:normal;color:#f76a0c;padding-top:0px;padding-right:0px;padding-bottom:0px;padding-left:0px;}<\/style>\n<span class=\"kt-adv-heading465_b0c94c-d2 wp-block-kadence-advancedheading\" data-kb-block=\"kb-adv-heading465_b0c94c-d2\">Cualquier chica puede trabajar como webcam. Lo cierto es que cada tipo de chica tiene su p\u00fablico determinado, por tanto, no debes preocuparte por tu f\u00edsico, solamente debes preocuparte por tener la mejor actitud<\/span>\n<\/div><\/div><\/div>\n<\/div><\/div><\/div>\n<\/div><\/div>\n\n<\/div><\/div>","protected":false},"excerpt":{"rendered":"<p>Preguntas Frecuentes<\/p>\n","protected":false},"author":1,"featured_media":0,"parent":0,"menu_order":0,"comment_status":"closed","ping_status":"closed","template":"","meta":{"_kad_post_transparent":"","_kad_post_title":"hide","_kad_post_layout":"fullwidth","_kad_post_sidebar_id":"","_kad_post_content_style":"unboxed","_kad_post_vertical_padding":"hide","_kad_post_feature":"hide","_kad_post_feature_position":"","_kad_post_header":false,"_kad_post_footer":false,"footnotes":""},"_links":{"self":[{"href":"https:\/\/dakithistudio.com\/index.php\/wp-json\/wp\/v2\/pages\/465"}],"collection":[{"href":"https:\/\/dakithistudio.com\/index.php\/wp-json\/wp\/v2\/pages"}],"about":[{"href":"https:\/\/dakithistudio.com\/index.php\/wp-json\/wp\/v2\/types\/page"}],"author":[{"embeddable":true,"href":"https:\/\/dakithistudio.com\/index.php\/wp-json\/wp\/v2\/users\/1"}],"replies":[{"embeddable":true,"href":"https:\/\/dakithistudio.com\/index.php\/wp-json\/wp\/v2\/comments?post=465"}],"version-history":[{"count":6,"href":"https:\/\/dakithistudio.com\/index.php\/wp-json\/wp\/v2\/pages\/465\/revisions"}],"predecessor-version":[{"id":643,"href":"https:\/\/dakithistudio.com\/index.php\/wp-json\/wp\/v2\/pages\/465\/revisions\/643"}],"wp:attachment":[{"href":"https:\/\/dakithistudio.com\/index.php\/wp-json\/wp\/v2\/media?parent=465"}],"curies":[{"name":"wp","href":"https:\/\/api.w.org\/{rel}","templated":true}]}}